{"id":954,"date":"2018-11-09T13:05:43","date_gmt":"2018-11-09T12:05:43","guid":{"rendered":"http:\/\/obispadodeourense.com\/blog\/?page_id=954"},"modified":"2026-04-15T09:53:36","modified_gmt":"2026-04-15T07:53:36","slug":"rgpd","status":"publish","type":"page","link":"https:\/\/obispadodeourense.com\/blog\/rgpd\/","title":{"rendered":"RGPD"},"content":{"rendered":"<p><img loading=\"lazy\" decoding=\"async\" class=\"alignnone size-thumbnail wp-image-956\" src=\"http:\/\/obispadodeourense.com\/blog\/wp-content\/uploads\/2018\/11\/carpeta-75x75.jpg\" alt=\"\" width=\"75\" height=\"75\" \/><\/p>\n<p><span style=\"font-size: 18pt;\">Reglamento General sobre Protecci\u00f3n de Datos.<\/span><\/p>\n<p><strong>FORMULARIOS<br \/><\/strong><em>Todos los formularios han sido revisados y modificados en octubre de 2023.<\/em><br \/><em>La numeraci\u00f3n de cada uno es nueva y ser\u00e1n los modelos que se utilicen a partir de la fecha.<\/em><\/p>\n<ul>\n<li>01 &#8211; <a href=\"http:\/\/obispadodeourense.com\/blog\/wp-content\/uploads\/2023\/10\/01-Solicitud-general.pdf\" target=\"_blank\" rel=\"noopener\">Solicitud general<\/a>.<\/li>\n<li><strong>SACRAMENTOS:<\/strong>\n<ul>\n<li>02 &#8211; <a href=\"http:\/\/obispadodeourense.com\/blog\/wp-content\/uploads\/2024\/08\/02-Solicitud-de-certificado-sacramental.pdf\" target=\"_blank\" rel=\"noopener\">Solicitud de certificado sacramental<\/a>.<\/li>\n<li><strong>Bautismo<\/strong>\n<ul>\n<li>03 &#8211; <a href=\"http:\/\/obispadodeourense.com\/blog\/wp-content\/uploads\/2023\/10\/03-Solicitud-de-Bautismo-para-ninos.pdf\" target=\"_blank\" rel=\"noopener\">Solicitud de Bautismo (ni\u00f1os)<\/a>.<\/li>\n<li>04 &#8211; <a href=\"http:\/\/obispadodeourense.com\/blog\/wp-content\/uploads\/2023\/10\/04-Solicitud-de-Bautismo-para-adultos.pdf\" target=\"_blank\" rel=\"noopener\">Solicitud de Bautismo (adultos)<\/a>.<\/li>\n<li>04 bis &#8211; <a href=\"http:\/\/obispadodeourense.com\/blog\/wp-content\/uploads\/2026\/04\/04bis-Solicitud-Sacramento-iniciacion-cristiana-menores.pdf\" target=\"_blank\" rel=\"noopener\">Solicitud de sacramentos de iniciaci\u00f3n cristiana para menores<\/a>.<\/li>\n<li>05 &#8211; <a href=\"http:\/\/obispadodeourense.com\/blog\/wp-content\/uploads\/2023\/10\/05-Solicitud-de-Entable-para-Bautismo.pdf\" target=\"_blank\" rel=\"noopener\">Solicitud ENTABLE Bautismo<\/a>.<\/li>\n<\/ul>\n<\/li>\n<li><strong>Matrimonio<\/strong>\n<ul>\n<li>06 &#8211; <a href=\"http:\/\/obispadodeourense.com\/blog\/wp-content\/uploads\/2023\/10\/06-Ficha-de-inscripcion-para-encuentro-de-novios.pdf\" target=\"_blank\" rel=\"noopener\">Ficha de inscripci\u00f3n para encuentro de novios (cursillos prematrimoniales)<\/a>.<\/li>\n<li>07 &#8211; <a href=\"http:\/\/obispadodeourense.com\/blog\/wp-content\/uploads\/2023\/10\/07-Anexo-al-expediente-matrimonial.pdf\" target=\"_blank\" rel=\"noopener\">Anexo al expediente matrimonial<\/a>.<\/li>\n<li>08 &#8211; <a href=\"http:\/\/obispadodeourense.com\/blog\/wp-content\/uploads\/2023\/10\/08-Solicitud-de-Entable-para-matrimonio.pdf\" target=\"_blank\" rel=\"noopener\">Solicitud ENTABLE Matrimonio<\/a>.<\/li>\n<li>09 &#8211; <a href=\"http:\/\/obispadodeourense.com\/blog\/wp-content\/uploads\/2023\/10\/09-Licencia-para-matrimonio-canonico-despues-del-civil.pdf\" target=\"_blank\" rel=\"noopener\">Licencia para matrimonio can\u00f3nico despu\u00e9s del civil<\/a>.<\/li>\n<li>10 &#8211; <a href=\"http:\/\/obispadodeourense.com\/blog\/wp-content\/uploads\/2023\/10\/10-Licencia-para-matrimonio-canonico-despues-del-civil-con-divorcio.pdf\" target=\"_blank\" rel=\"noopener\">Licencia para matrimonio can\u00f3nico despu\u00e9s del civil con divorcio<\/a>.<\/li>\n<\/ul>\n<\/li>\n<li><strong>Confirmaci\u00f3n<\/strong>\n<ul>\n<li>11 &#8211; <a href=\"http:\/\/obispadodeourense.com\/blog\/wp-content\/uploads\/2024\/06\/11-Solicitud-para-el-Sacramento-de-la-Confirmacion.pdf\" target=\"_blank\" rel=\"noopener\">Solicitud para el Sacramento de la Confirmaci\u00f3n<\/a>.<\/li>\n<li>12 &#8211; <a href=\"http:\/\/obispadodeourense.com\/blog\/wp-content\/uploads\/2023\/10\/12-Solicitud-de-Entable-Confirmacion.pdf\" target=\"_blank\" rel=\"noopener\">Solicitud ENTABLE Confirmaci\u00f3n<\/a>.<\/li>\n<\/ul>\n<\/li>\n<li><strong>Otros<\/strong>\n<ul>\n<li>13 &#8211; <a href=\"http:\/\/obispadodeourense.com\/blog\/wp-content\/uploads\/2023\/10\/13-Ficha-de-inscripcion-a-la-Catequesis.pdf\" target=\"_blank\" rel=\"noopener\">Ficha de inscripci\u00f3n a la catequesis<\/a>.<\/li>\n<li>14 &#8211; <a href=\"http:\/\/obispadodeourense.com\/blog\/wp-content\/uploads\/2023\/10\/14-Solicitud-de-Entable-de-defuncion.pdf\" target=\"_blank\" rel=\"noopener\">Solicitud ENTABLE Defunci\u00f3n<\/a>.<\/li>\n<\/ul>\n<\/li>\n<li><strong>ENTABLES<\/strong>\n<ul>\n<li>05 &#8211; <a href=\"http:\/\/obispadodeourense.com\/blog\/wp-content\/uploads\/2023\/10\/05-Solicitud-de-Entable-para-Bautismo.pdf\" target=\"_blank\" rel=\"noopener\">Solicitud ENTABLE Bautismo<\/a>.<\/li>\n<li>08 &#8211; <a href=\"http:\/\/obispadodeourense.com\/blog\/wp-content\/uploads\/2023\/10\/08-Solicitud-de-Entable-para-matrimonio.pdf\" target=\"_blank\" rel=\"noopener\">Solicitud ENTABLE Matrimonio<\/a>.<\/li>\n<li>12 &#8211; <a href=\"http:\/\/obispadodeourense.com\/blog\/wp-content\/uploads\/2023\/10\/12-Solicitud-de-Entable-Confirmacion.pdf\" target=\"_blank\" rel=\"noopener\">Solicitud ENTABLE Confirmaci\u00f3n<\/a>.<\/li>\n<li>14 &#8211; <a href=\"http:\/\/obispadodeourense.com\/blog\/wp-content\/uploads\/2023\/10\/14-Solicitud-de-Entable-de-defuncion.pdf\" target=\"_blank\" rel=\"noopener\">Solicitud ENTABLE Defunci\u00f3n<\/a>.<\/li>\n<\/ul>\n<\/li>\n<\/ul>\n<\/li>\n<li><strong>CEMENTERIOS:<\/strong>\n<ul>\n<li>15 &#8211; <a href=\"http:\/\/obispadodeourense.com\/blog\/wp-content\/uploads\/2023\/10\/15-Solicitud-de-concesion-de-Usufructo-de-terreno-para-sepultura-o-legalizacion-de-una-sepultura-construida.pdf\" target=\"_blank\" rel=\"noopener\">Solicitud de concesi\u00f3n de Usufructo de terreno para sepultura o legalizaci\u00f3n de una\/s sepultura\/s construida\/s<\/a>.<\/li>\n<li>16 &#8211; <a href=\"http:\/\/obispadodeourense.com\/blog\/wp-content\/uploads\/2023\/10\/16-Solicitud-de-concesion-de-sepultura-construida.pdf\" target=\"_blank\" rel=\"noopener\">Solicitud de concesi\u00f3n de sepultura construida<\/a>.<\/li>\n<li>17 &#8211; <a href=\"http:\/\/obispadodeourense.com\/blog\/wp-content\/uploads\/2023\/10\/17-Solicitud-de-concesion-de-usufructo-de-terreno-para-columbario.pdf\" target=\"_blank\" rel=\"noopener\">Solicitud de concesi\u00f3n de Usufructo de terreno para columbario<\/a>.<\/li>\n<li>18 &#8211; <a href=\"http:\/\/obispadodeourense.com\/blog\/wp-content\/uploads\/2023\/10\/18-Solicitud-de-concesion-de-columbario-construido.pdf\" target=\"_blank\" rel=\"noopener\">Solicitud de concesi\u00f3n de columbario construido<\/a>.<\/li>\n<li>19 &#8211; <a href=\"http:\/\/obispadodeourense.com\/blog\/wp-content\/uploads\/2023\/11\/19-Cambio-de-titularidad-cementerio-en-la-que-medie-un-acto-juridico.pdf\" target=\"_blank\" rel=\"noopener\">Cambio de titularidad (cementerio) en la que medie un acto jur\u00eddico<\/a>.<\/li>\n<li>20 &#8211; <a href=\"http:\/\/obispadodeourense.com\/blog\/wp-content\/uploads\/2023\/10\/20-Solicitud-de-reforma-de-sepultura.pdf\" target=\"_blank\" rel=\"noopener\">Solicitud de reforma de sepultura<\/a>.<\/li>\n<li><a href=\"http:\/\/obispadodeourense.com\/blog\/wp-content\/uploads\/2023\/10\/Modelo-contrato-compraventa-sepultura.pdf\" target=\"_blank\" rel=\"noopener\">Modelo de contrato de compra-venta de sepultura<\/a><\/li>\n<\/ul>\n<\/li>\n<li><strong>OTROS<\/strong>\n<ul>\n<li>21 &#8211; <a href=\"http:\/\/obispadodeourense.com\/blog\/wp-content\/uploads\/2023\/10\/21-Archivos-parroquiales-solicitud-certificado-sacramental.pdf\" target=\"_blank\" rel=\"noopener\">Archivos parroquiales &#8211; Solicitud de certificado sacramental<\/a>.<\/li>\n<li>22 &#8211; <a href=\"http:\/\/obispadodeourense.com\/blog\/wp-content\/uploads\/2023\/10\/22-Autorizacion-para-recoger-documentos-en-nombre-de-solicitante-interesado.pdf\" target=\"_blank\" rel=\"noopener\">Autorizaci\u00f3n para recoger documentos en nombre de solicitante interesado<\/a>.<\/li>\n<li>23 &#8211; <a href=\"http:\/\/obispadodeourense.com\/blog\/wp-content\/uploads\/2023\/10\/23-Modelo-dispensa-disparidad-de-cultos.pdf\" target=\"_blank\" rel=\"noopener\">Modelo dispensa disparidad de cultos<\/a>.<\/li>\n<li>24 &#8211; <a href=\"http:\/\/obispadodeourense.com\/blog\/wp-content\/uploads\/2023\/10\/24-Autorizacion-para-actividades-con-menores.pdf\" target=\"_blank\" rel=\"noopener\">Autorizaci\u00f3n para actividades con menores<\/a>.<\/li>\n<li>25 &#8211; <a href=\"http:\/\/obispadodeourense.com\/blog\/wp-content\/uploads\/2023\/10\/25-Certificado-de-asistencia.pdf\" target=\"_blank\" rel=\"noopener\">Certificado de asistencia<\/a>.<\/li>\n<li>26 &#8211; <a href=\"http:\/\/obispadodeourense.com\/blog\/wp-content\/uploads\/2023\/10\/26-Donativos-quiero-colaborar-con-el-sostenimiento-de-la-Iglesia-Catolica.pdf\" target=\"_blank\" rel=\"noopener\">Donativos &#8211; Quiero colaborar con el sostenimiento de la Iglesia Cat\u00f3lica<\/a>.<\/li>\n<li>27 &#8211; <a href=\"http:\/\/obispadodeourense.com\/blog\/wp-content\/uploads\/2023\/10\/27-Autorizacion-tratamiento-de-imagenes-en-actividades-parroquiales.pdf\" target=\"_blank\" rel=\"noopener\">Autorizaci\u00f3n tratamiento de im\u00e1genes en actividades parroquiales<\/a>.<\/li>\n<li>28 &#8211; <a href=\"http:\/\/obispadodeourense.com\/blog\/wp-content\/uploads\/2023\/10\/28-Contrato-de-voluntariado.pdf\" target=\"_blank\" rel=\"noopener\">Contrato de voluntariado<\/a>.<\/li>\n<li>29 &#8211; <a href=\"http:\/\/obispadodeourense.com\/blog\/wp-content\/uploads\/2023\/10\/29-Autorizacion-para-recogida-de-datos-para-padron-parroquial.pdf\" target=\"_blank\" rel=\"noopener\">Autorizaci\u00f3n para recogida de datos para padr\u00f3n parroquial<\/a>.<\/li>\n<li>30 &#8211; <a href=\"http:\/\/obispadodeourense.com\/blog\/wp-content\/uploads\/2023\/10\/30-Solicitud-para-conciertos-en-templos-de-la-Diocesis.pdf\" target=\"_blank\" rel=\"noopener\">Solicitud para conciertos en templos de la Di\u00f3cesis<\/a>.<\/li>\n<li>31 &#8211; <a href=\"http:\/\/obispadodeourense.com\/blog\/wp-content\/uploads\/2023\/10\/31-Solicitud-para-la-grabacion-en-templos-de-la-Diocesis.pdf\" target=\"_blank\" rel=\"noopener\">Solicitud para grabaci\u00f3n en templos de la Di\u00f3cesis<\/a>.<\/li>\n<li>32 &#8211; <a href=\"http:\/\/obispadodeourense.com\/blog\/wp-content\/uploads\/2023\/10\/32-Factura-para-profesores-conferenciantes-con-calculo-de-cantidades.pdf\" target=\"_blank\" rel=\"noopener\">Factura para profesores, conferenciantes, con c\u00e1lculo de cantidades<\/a>.<\/li>\n<li>33 &#8211; <a href=\"http:\/\/obispadodeourense.com\/blog\/wp-content\/uploads\/2023\/10\/33-Cesion-de-uso-de-derechos-de-autor-sobre-fotografias.pdf\" target=\"_blank\" rel=\"noopener\">Cesi\u00f3n de uso de derechos de autor sobre fotograf\u00edas<\/a>.<\/li>\n<li><a href=\"http:\/\/obispadodeourense.com\/blog\/wp-content\/uploads\/2023\/10\/Informacion-del-tratamiento-de-datos-personales-con-proveedores.pdf\" target=\"_blank\" rel=\"noopener\">Informaci\u00f3n del tratamiento de datos personales con proveedores<\/a>.<\/li>\n<\/ul>\n<\/li>\n<\/ul>\n<p><strong>MANUAL DE CONTROL DE DOCUMENTOS Y REGISTRO<\/strong><\/p>\n<ul>\n<li>Manual de Control de Documentos y Registros (EN REVISI\u00d3N).<\/li>\n<li>Registro de libros parroquiales (<a href=\"http:\/\/obispadodeourense.com\/blog\/wp-content\/uploads\/2024\/03\/Registro-de-libros-parroquiales.docx\" target=\"_blank\" rel=\"noopener\">WORD<\/a> | <a href=\"http:\/\/obispadodeourense.com\/blog\/wp-content\/uploads\/2024\/03\/Registro-de-libros-parroquiales.pdf\" target=\"_blank\" rel=\"noopener\">PDF<\/a>).<\/li>\n<\/ul>\n\n\n<p>&nbsp;<\/p>\n<p>&nbsp;<\/p>\n","protected":false},"excerpt":{"rendered":"<p>Reglamento General sobre Protecci\u00f3n de Datos. FORMULARIOSTodos los formularios han sido revisados y modificados en octubre de 2023.La numeraci\u00f3n de cada uno es nueva y ser\u00e1n los modelos que se utilicen a partir de la fecha. 01 &#8211; Solicitud general. SACRAMENTOS: 02 &#8211; Solicitud de certificado sacramental. Bautismo 03 &#8211; Solicitud de Bautismo (ni\u00f1os). 04 [&hellip;]<\/p>\n","protected":false},"author":1,"featured_media":0,"parent":0,"menu_order":0,"comment_status":"closed","ping_status":"closed","template":"","meta":{"footnotes":""},"class_list":["post-954","page","type-page","status-publish","czr-hentry"],"_links":{"self":[{"href":"https:\/\/obispadodeourense.com\/blog\/wp-json\/wp\/v2\/pages\/954","targetHints":{"allow":["GET"]}}],"collection":[{"href":"https:\/\/obispadodeourense.com\/blog\/wp-json\/wp\/v2\/pages"}],"about":[{"href":"https:\/\/obispadodeourense.com\/blog\/wp-json\/wp\/v2\/types\/page"}],"author":[{"embeddable":true,"href":"https:\/\/obispadodeourense.com\/blog\/wp-json\/wp\/v2\/users\/1"}],"replies":[{"embeddable":true,"href":"https:\/\/obispadodeourense.com\/blog\/wp-json\/wp\/v2\/comments?post=954"}],"version-history":[{"count":135,"href":"https:\/\/obispadodeourense.com\/blog\/wp-json\/wp\/v2\/pages\/954\/revisions"}],"predecessor-version":[{"id":1886,"href":"https:\/\/obispadodeourense.com\/blog\/wp-json\/wp\/v2\/pages\/954\/revisions\/1886"}],"wp:attachment":[{"href":"https:\/\/obispadodeourense.com\/blog\/wp-json\/wp\/v2\/media?parent=954"}],"curies":[{"name":"wp","href":"https:\/\/api.w.org\/{rel}","templated":true}]}}