{"id":717,"date":"2018-06-14T17:19:25","date_gmt":"2018-06-14T15:19:25","guid":{"rendered":"http:\/\/obispadodeourense.com\/blog\/?page_id=717"},"modified":"2025-05-13T10:34:45","modified_gmt":"2025-05-13T08:34:45","slug":"sinododiocesano","status":"publish","type":"page","link":"https:\/\/obispadodeourense.com\/blog\/sinododiocesano\/","title":{"rendered":"S\u00ednodo Diocesano"},"content":{"rendered":"\n<div class=\"wp-block-columns is-layout-flex wp-container-core-columns-is-layout-9d6595d7 wp-block-columns-is-layout-flex\">\n<div class=\"wp-block-column is-layout-flow wp-block-column-is-layout-flow\" style=\"flex-basis:100%\">\n<div class=\"wp-block-group\"><div class=\"wp-block-group__inner-container is-layout-constrained wp-block-group-is-layout-constrained\">\n<p>El Sr. Obispo anuncia la convocatoria del SINODO DIOCESANO,\u00a0<em>para avivar la fe, renovar la esperanza y acrecentar el ardor misionero de nuestra Iglesia Diocesana<\/em>, durante la Misa Crismal, en la Semana Santa del 2016, con un Decreto que entreg\u00f3 a los asistentes.<\/p>\n<p><strong>CONVOCADOS AL S\u00cdNODO DIOCESANO<\/strong><\/p>\n<p><em>Poneos en camino<\/em>\u00a0(Lc 10.3). As\u00ed reza el lema de la Programaci\u00f3n Pastoral para el trienio 2015-2018. Un camino que hemos de recorrer juntos. Hemos de buscar caminos para avivar la fe, fortalecer la esperanza y renovar el entusiasmo misionero de nuestras comunidades, presididos por nuestro Obispo, todo el pueblo de Dios: sacerdotes, miembros de Vida Consagrada y de los Institutos de Vida Apost\u00f3lica, Grupos y Movimientos Apost\u00f3licos, profesores de Ense\u00f1anza Religiosa Escolar, Catequistas y Seminaristas, y todos los fieles laicos de esta Iglesia particular, bajo la gu\u00eda del Esp\u00edritu Santo. S\u00cdNODO, es una palabra que significa caminar juntos. Esta andadura tiene que ser un evento de comuni\u00f3n eclesial. Un tomar el pulso a nuestras comunidades y ponerlas en camino de misi\u00f3n, para llevar al coraz\u00f3n de nuestro pueblo la alegr\u00eda del Evangelio. Desde este primer momento dispong\u00e1monos a colaborar, superando temores y recelos, para encontrar los medios y caminos para que el S\u00ednodo sea un verdadero acontecimiento eclesial en Ourense. Superemos las inercias y avivemos la esperanza y juntos dispong\u00e1monos a hacer camino.<\/p>\n<p><em>Contacto con la Secretar\u00eda del S\u00ednodo Diocesano<\/em>: <a href=\"mailto:sinodo@obispadodeourense.com\">sinodo@obispadodeourense.com<\/a><\/p>\n<p><strong>IGREXA EN CAMI\u00d1O \u00abAO ESENCIAL\u00bb<\/strong><\/p>\n<p>Carta Pastoral de J. Leonardo Lemos Montanet, Bispo de Ourense, con motivo de la apertura del S\u00ednodo Diocesano en la Iglesia particular de Ourense.\u00a0<a href=\"http:\/\/www.obispadodeourense.com\/tp\/sinodo\/material\/cartapastoral_igrexaencamino.pdf\" target=\"_blank\" rel=\"noopener noreferrer\">Descargar \u00bb\u00bb\u00bb<\/a><\/p>\n<table style=\"border-collapse: collapse; width: 100%; height: 77px;\">\n<tbody>\n<tr style=\"height: 77px;\">\n<td style=\"width: 13.3333%; height: 77px;\"><a href=\"https:\/\/www.obispadodeourense.com\/doc\/sinododiocesano\/constitucionessinodales.pdf\" target=\"_blank\" rel=\"noopener\"><img loading=\"lazy\" decoding=\"async\" class=\"alignleft size-full\" src=\"https:\/\/www.obispadodeourense.com\/doc\/sinododiocesano\/portada.jpg\" width=\"100\" height=\"141\" \/><\/a><\/td>\n<td style=\"width: 1.66665%; height: 77px;\">\u00a0<\/td>\n<td style=\"width: 84.9999%; height: 77px;\">\n<h4>CONSTITUCIONES SINODALES<br \/>S\u00cdNODO DIOCESANO DE OURENSE 2016-2021<br \/><a href=\"https:\/\/www.obispadodeourense.com\/doc\/sinododiocesano\/constitucionessinodales.pdf\" target=\"_blank\" rel=\"noopener\">DESCARGAR \u00bb\u00bb\u00bb<\/a><\/h4>\n<\/td>\n<\/tr>\n<\/tbody>\n<\/table>\n<p><strong>CELEBRACI\u00d3N DE CLAUSURA DEL S\u00cdNODO<\/strong><\/p>\n<ul>\n<li>S\u00e1bado 13 de noviembre de 2021, a las 11 h. en la S. I. Catedral de Ourense.<\/li>\n<\/ul>\n<p><strong>MATERIALES DEL S\u00cdNODO<\/strong><\/p>\n<ul>\n<li><strong>LEGISLACI\u00d3N PARTICULAR DEL S\u00cdNODO DIOCESANO<\/strong>\n<ul>\n<li>Decreto de convocatoria del S\u00ednodo Diocesano. <a href=\"http:\/\/www.obispadodeourense.com\/tp\/sinodo\/material\/decreto_convocatoria_sinodo.pdf\" target=\"_blank\" rel=\"noopener noreferrer\">Descargar \u00bb\u00bb\u00bb<\/a><\/li>\n<li>Decreto de constituci\u00f3n del Consejo de Presidencia y comisiones del S\u00ednodo diocesano <a href=\"http:\/\/www.obispadodeourense.com\/noticia\/2016\/04\/castellano.pdf\" target=\"_blank\" rel=\"noopener noreferrer\">en castellano<\/a> | <a href=\"http:\/\/www.obispadodeourense.com\/noticia\/2016\/04\/galego.pdf\" target=\"_blank\" rel=\"noopener noreferrer\">en galego<\/a> &#8211; <a href=\"http:\/\/obispadodeourense.com\/blog\/wp-content\/uploads\/2019\/07\/Nombramiento-Jos\u00e9-Seijo.pdf\" target=\"_blank\" rel=\"noopener\">cambios en la Comisi\u00f3n Jur\u00eddica (julio 2019)<\/a><\/li>\n<li>Estatuto y Reglamento del S\u00ednodo Diocesano <a href=\"http:\/\/www.obispadodeourense.com\/tp\/sinodo\/material\/estatuto_reglamento_es.pdf\" target=\"_blank\" rel=\"noopener noreferrer\">en castellano<\/a> | <a href=\"http:\/\/www.obispadodeourense.com\/tp\/sinodo\/material\/estatuto_reglamento_ga.pdf\" target=\"_blank\" rel=\"noopener\">en galego<\/a><\/li>\n<\/ul>\n<\/li>\n<\/ul>\n<ul>\n<li><strong>MENSAJES FINALES DEL S\u00cdNODO<\/strong>\n<ul>\n<li>Mensaje a los sacerdotes en <a href=\"http:\/\/obispadodeourense.com\/blog\/wp-content\/uploads\/2022\/09\/sacerdotes_es.pdf\" target=\"_blank\" rel=\"noopener\">castellano<\/a> | <a href=\"http:\/\/obispadodeourense.com\/blog\/wp-content\/uploads\/2022\/09\/sacerdotes_gal.pdf\" target=\"_blank\" rel=\"noopener\">en galego<\/a><\/li>\n<li>Mensaje a las familias en <a href=\"http:\/\/obispadodeourense.com\/blog\/wp-content\/uploads\/2022\/09\/familias_es.pdf\" target=\"_blank\" rel=\"noopener\">castellano<\/a> | <a href=\"http:\/\/obispadodeourense.com\/blog\/wp-content\/uploads\/2022\/09\/familias_ga.pdf\" target=\"_blank\" rel=\"noopener\">en galego<\/a><\/li>\n<li>Mensaje a los fieles laicos en <a href=\"http:\/\/obispadodeourense.com\/blog\/wp-content\/uploads\/2022\/09\/seglares_es.pdf\" target=\"_blank\" rel=\"noopener\">castellano<\/a> | <a href=\"http:\/\/obispadodeourense.com\/blog\/wp-content\/uploads\/2022\/09\/seglares_gal.pdf\" target=\"_blank\" rel=\"noopener\">en galego<\/a><\/li>\n<li>Mensaje a la Vida Consagrada en <a href=\"http:\/\/obispadodeourense.com\/blog\/wp-content\/uploads\/2022\/09\/vidaconsagrada_es.pdf\" target=\"_blank\" rel=\"noopener\">castellano<\/a> | <a href=\"http:\/\/obispadodeourense.com\/blog\/wp-content\/uploads\/2022\/09\/vidaconsagrada_gal.pdf\" target=\"_blank\" rel=\"noopener\">en galego<\/a><\/li>\n<\/ul>\n<\/li>\n<li><strong>ASAMBLEA SINODAL<\/strong>\n<ul>\n<li>Carta de sensibilizaci\u00f3n. <a href=\"http:\/\/obispadodeourense.com\/blog\/wp-content\/uploads\/2019\/04\/sinodalidadourense.pdf\" target=\"_blank\" rel=\"noopener noreferrer\">Descargar \u00bb\u00bb\u00bb<\/a><\/li>\n<li>Recursos para la Eucarist\u00eda preparando la apertura de la Asamblea Sinodal. <a href=\"http:\/\/obispadodeourense.com\/blog\/wp-content\/uploads\/2019\/08\/recursoseucaristiapreparandoasamblea.pdf\" target=\"_blank\" rel=\"noopener noreferrer\">Descargar \u00bb\u00bb\u00bb<\/a><\/li>\n<li>Presentaci\u00f3n Asamblea Sinodal y calendario. <a href=\"http:\/\/obispadodeourense.com\/blog\/wp-content\/uploads\/2019\/12\/guiasinodales.pdf\" target=\"_blank\" rel=\"noopener noreferrer\">Descargar \u00bb\u00bb\u00bb<\/a><\/li>\n<li>Cartel Asamblea Sinodal. <a href=\"http:\/\/obispadodeourense.com\/blog\/wp-content\/uploads\/2019\/09\/Cartel-Asamblea-Sinodal.pdf\" target=\"_blank\" rel=\"noopener noreferrer\">Descargar \u00bb\u00bb\u00bb<\/a><\/li>\n<li>Tr\u00edptico \u00abAsamblea Sinodal\u00bb. <a href=\"http:\/\/obispadodeourense.com\/blog\/wp-content\/uploads\/2019\/09\/Asamblea-sinodal.pdf\" target=\"_blank\" rel=\"noopener noreferrer\">Descargar \u00bb\u00bb\u00bb<\/a><\/li>\n<li>Decreto de nombramiento de la comisi\u00f3n organizadora de la Asamblea de Clausura del S\u00ednodo Diocesano de Ourense. <a href=\"http:\/\/www.obispadodeourense.com\/noticia\/2019\/10\/comisionorganizadora.pdf\" target=\"_blank\" rel=\"noopener noreferrer\">Descargar \u00bb\u00bb\u00bb<\/a><\/li>\n<li>\u00c1lbumes de FOTOS:\n<ul>\n<li><a href=\"https:\/\/photos.app.goo.gl\/MTnDKqGPS83AEwwm9\" target=\"_blank\" rel=\"noopener\">Apertura de la Asamblea Sinodal [21.09.2019]<\/a><\/li>\n<li class=\"NoticiasTexto\"><a href=\"https:\/\/photos.app.goo.gl\/VotCA6PTYokJqJ7C9\" target=\"_blank\" rel=\"noopener\">1\u00aa sesi\u00f3n de la Asamblea Sinodal [26.10.2019]<\/a><\/li>\n<li class=\"NoticiasTexto\"><a href=\"https:\/\/photos.app.goo.gl\/4rDh3w6PNpAWEiZz7\" target=\"_blank\" rel=\"noopener\">2\u00aa sesi\u00f3n de la Asamblea Sinodal [16.11.2019]<\/a><\/li>\n<li class=\"NoticiasTexto\"><a href=\"https:\/\/photos.app.goo.gl\/H4fv5gqaRtkFgvH88\" target=\"_blank\" rel=\"noopener\">3\u00aa sesi\u00f3n de la Asamblea Sinodal [14.12.2019]<\/a><\/li>\n<li class=\"NoticiasTexto\"><a href=\"https:\/\/photos.app.goo.gl\/VU4Z7RQNa6MRcgrz9\" target=\"_blank\" rel=\"noopener\">4\u00aa sesi\u00f3n de la Asamblea Sinodal [25.01.2020]<\/a><\/li>\n<li class=\"NoticiasTexto\"><a href=\"https:\/\/photos.app.goo.gl\/E5gGqePGSuBBve9h9\" target=\"_blank\" rel=\"noopener\">5\u00aa sesi\u00f3n de la Asamblea Sinodal [15.02.2020]<\/a><\/li>\n<li><a href=\"https:\/\/photos.app.goo.gl\/gGnpSbKNirCsviqm9\" target=\"_blank\" rel=\"noopener\">6\u00aa sesi\u00f3n de la Asamblea Sinodal [29.05.2021]<\/a><\/li>\n<li><a href=\"https:\/\/photos.app.goo.gl\/L5DpgFeDj9pdcJKJ7\" target=\"_blank\" rel=\"noopener\">7\u00aa sesi\u00f3n de la Asamblea Sinodal [03.07.2021]<\/a><\/li>\n<li><a href=\"https:\/\/photos.app.goo.gl\/YHeL2632jYr3UpiV9\" target=\"_blank\" rel=\"noopener\">8\u00aa sesi\u00f3n de la Asamblea Sinodal [25.09.2021]<\/a><\/li>\n<li><a href=\"https:\/\/photos.app.goo.gl\/uXWmaVFLuWKytFGJ6\" target=\"_blank\" rel=\"noopener\">9\u00aa sesi\u00f3n de la Asamblea Sinodal [16.10.2021]<\/a><\/li>\n<\/ul>\n<\/li>\n<\/ul>\n<\/li>\n<\/ul>\n<ul>\n<li><strong>GRUPOS SINODALES<\/strong>\n<ul>\n<li>Instrumento de Trabajo N\u00ba1: \u00abLa parroquia\u00bb\u00a0<a href=\"http:\/\/www.obispadodeourense.com\/tp\/sinodo\/material\/instrumento_n1_es.pdf\" target=\"_blank\" rel=\"noopener noreferrer\">en castellano<\/a> | <a href=\"http:\/\/www.obispadodeourense.com\/tp\/sinodo\/material\/instrumento_n1_ga.pdf\" target=\"_blank\" rel=\"noopener noreferrer\">en galego<\/a><\/li>\n<li>Instrumento de Trabajo N\u00ba2: \u00abLa iglesia en salida\u00bb\u00a0<a href=\"http:\/\/www.obispadodeourense.com\/tp\/sinodo\/material\/instrumento_n2_es.pdf\" target=\"_blank\" rel=\"noopener noreferrer\">en castellano<\/a> | <a href=\"http:\/\/www.obispadodeourense.com\/tp\/sinodo\/material\/instrumento_n2_ga.pdf\" target=\"_blank\" rel=\"noopener noreferrer\">en galego<\/a><\/li>\n<li>Instrumento de Trabajo N\u00ba3: \u00abUna Liturgia viva\u00bb\u00a0<a href=\"http:\/\/www.obispadodeourense.com\/tp\/sinodo\/material\/instrumento_n3_es.pdf\" target=\"_blank\" rel=\"noopener noreferrer\">en castellano<\/a> | <a href=\"http:\/\/www.obispadodeourense.com\/tp\/sinodo\/material\/instrumento_n3_ga.pdf\" target=\"_blank\" rel=\"noopener noreferrer\">en galego<\/a><\/li>\n<li>Instrumento de Trabajo N\u00ba4: \u00abAnuncio y educaci\u00f3n en la fe\u00bb\u00a0<a href=\"http:\/\/www.obispadodeourense.com\/tp\/sinodo\/material\/instrumento_n4_es.pdf\" target=\"_blank\" rel=\"noopener noreferrer\">en castellano<\/a> | <a href=\"http:\/\/www.obispadodeourense.com\/tp\/sinodo\/material\/instrumento_n4_ga.pdf\" target=\"_blank\" rel=\"noopener noreferrer\">en galego<\/a><\/li>\n<li>Instrumento de Trabajo: \u00abEl impacto del covid-19 en la pastoral de la Iglesia en Ourense\u00bb <a href=\"http:\/\/obispadodeourense.com\/blog\/wp-content\/uploads\/2020\/12\/Impacto-covid.pdf\" target=\"_blank\" rel=\"noopener noreferrer\">en castellano<\/a><\/li>\n<li>&#8212; Juntos reavivamos el camino sinodal (introducci\u00f3n) <a href=\"http:\/\/obispadodeourense.com\/blog\/wp-content\/uploads\/2021\/04\/Juntos-reavivamos-el-camino-sinodal-introduccion-castellano.pdf\" target=\"_blank\" rel=\"noopener\">castellano<\/a> | <a href=\"http:\/\/obispadodeourense.com\/blog\/wp-content\/uploads\/2021\/04\/Juntos-reavivamos-el-camino-sinodal-introduccion-galego.pdf\" target=\"_blank\" rel=\"noopener\">galego <\/a>| <a href=\"https:\/\/youtu.be\/5-zB-zEJ-50\" target=\"_blank\" rel=\"noopener\">v\u00eddeo<\/a><\/li>\n<li>&#8212; Juntos reavivamos el camino sinodal (instrumento 1) <a href=\"http:\/\/obispadodeourense.com\/blog\/wp-content\/uploads\/2021\/04\/Juntos-reavivamos-el-camino-sinodal-instrumento-1-castellano.pdf\" target=\"_blank\" rel=\"noopener\">castellano<\/a> | <a href=\"http:\/\/obispadodeourense.com\/blog\/wp-content\/uploads\/2021\/04\/Juntos-reavivamos-el-camino-sinodal-instrumento-1-galego.pdf\" target=\"_blank\" rel=\"noopener\">galego<\/a> | <a href=\"https:\/\/youtu.be\/irTIzoKpHkI\" target=\"_blank\" rel=\"noopener\">v\u00eddeo<\/a><\/li>\n<li>&#8212; Juntos reavivamos el camino sinodal (instrumento 2) <a href=\"http:\/\/obispadodeourense.com\/blog\/wp-content\/uploads\/2021\/04\/Juntos-reavivamos-el-camino-sinodal-instrumento-2-castellano.pdf\" target=\"_blank\" rel=\"noopener\">castellano<\/a> | <a href=\"http:\/\/obispadodeourense.com\/blog\/wp-content\/uploads\/2021\/04\/Juntos-reavivamos-el-camino-sinodal-instrumento-2-galego.pdf\" target=\"_blank\" rel=\"noopener\">galego<\/a> | <a href=\"https:\/\/youtu.be\/9GIPWFIEPYA\" target=\"_blank\" rel=\"noopener\">v\u00eddeo<\/a><\/li>\n<li>&#8212; Juntos reavivamos el camino sinodal (instrumento 3) <a href=\"http:\/\/obispadodeourense.com\/blog\/wp-content\/uploads\/2021\/04\/Juntos-reavivamos-el-camino-sinodal-instrumento-3-castellano.pdf\" target=\"_blank\" rel=\"noopener\">castellano<\/a> | <a href=\"http:\/\/obispadodeourense.com\/blog\/wp-content\/uploads\/2021\/04\/Juntos-reavivamos-el-camino-sinodal-instrumento-3-galego.pdf\" target=\"_blank\" rel=\"noopener\">galego<\/a> | <a href=\"https:\/\/youtu.be\/CqKKaxvtcrc\" target=\"_blank\" rel=\"noopener\">v\u00eddeo<\/a><\/li>\n<li>Metodolog\u00eda y din\u00e1mica de trabajo de los grupos sinodales. <a href=\"http:\/\/www.obispadodeourense.com\/tp\/sinodo\/material\/grupos_dinamica.pdf\" target=\"_blank\" rel=\"noopener noreferrer\">Descargar \u00bb\u00bb\u00bb<\/a><\/li>\n<li>Gui\u00f3n pedag\u00f3gico para el trabajo de los grupos sinodales. <a href=\"http:\/\/www.obispadodeourense.com\/tp\/sinodo\/material\/guion.pdf\" target=\"_blank\" rel=\"noopener noreferrer\">Descargar \u00bb\u00bb\u00bb<\/a><\/li>\n<\/ul>\n<\/li>\n<\/ul>\n<ul>\n<li><strong>DOCUMENTOS DE SENSIBILIZACI\u00d3N<\/strong>\n<ul>\n<li>Descarga de <a href=\"http:\/\/www.obispadodeourense.com\/tp\/sinodo\/material\/logo\/logo.jpg\" target=\"_blank\" rel=\"noopener noreferrer\">logo<\/a> | descarga <a href=\"http:\/\/www.obispadodeourense.com\/tp\/sinodo\/material\/logo\/logo_explicacion.pdf\" target=\"_blank\" rel=\"noopener noreferrer\">explicaci\u00f3n del logo<\/a>. Descarga del <a href=\"http:\/\/www.obispadodeourense.com\/tp\/sinodo\/material\/logo\/logo_nenos.jpg\" target=\"_blank\" rel=\"noopener noreferrer\">logo para ni\u00f1os<\/a><\/li>\n<li>Folleto. <a href=\"http:\/\/www.obispadodeourense.com\/tp\/sinodo\/material\/folleto.pdf\" target=\"_blank\" rel=\"noopener noreferrer\">Descargar \u00bb\u00bb\u00bb<\/a><\/li>\n<li>D\u00edptico pres\u00ednodo. <a href=\"http:\/\/www.obispadodeourense.com\/tp\/sinodo\/material\/diptico_presinodo.pdf\" target=\"_blank\" rel=\"noopener noreferrer\">Descargar \u00bb\u00bb\u00bb<\/a><\/li>\n<li>Tr\u00edptico informativo <a href=\"http:\/\/www.obispadodeourense.com\/tp\/sinodo\/material\/triptico_cas.pdf\" target=\"_blank\" rel=\"noopener noreferrer\">en castellano<\/a> | <a href=\"http:\/\/www.obispadodeourense.com\/tp\/sinodo\/material\/triptico_ga.pdf\" target=\"_blank\" rel=\"noopener noreferrer\">en galego<\/a><\/li>\n<li>Oraci\u00f3n por el fruto del S\u00ednodo diocesano. <a href=\"http:\/\/www.obispadodeourense.com\/tp\/sinodo\/material\/oracion.pdf\" target=\"_blank\" rel=\"noopener noreferrer\">Descargar \u00bb\u00bb\u00bb<\/a><\/li>\n<li>Preces, para a\u00f1adir a la Oraci\u00f3n de los Fieles. <a href=\"http:\/\/www.obispadodeourense.com\/tp\/sinodo\/material\/preces.pdf\" target=\"_blank\" rel=\"noopener noreferrer\">Descargar \u00bb\u00bb\u00bb<\/a><\/li>\n<li>HIMNO <a href=\"http:\/\/www.obispadodeourense.com\/tp\/sinodo\/material\/himno\/himno_letra.pdf\" target=\"_blank\" rel=\"noopener noreferrer\">letra<\/a> | <a href=\"http:\/\/www.obispadodeourense.com\/tp\/sinodo\/material\/himno\/himno_musica.pdf\" target=\"_blank\" rel=\"noopener noreferrer\">partitura 1<\/a> | <a href=\"http:\/\/www.obispadodeourense.com\/tp\/sinodo\/material\/himno\/himno_partitura.pdf\" target=\"_blank\" rel=\"noopener noreferrer\">partitura 2<\/a> | <a href=\"http:\/\/www.obispadodeourense.com\/tp\/sinodo\/material\/himno\/himno.mp3\" target=\"_blank\" rel=\"noopener noreferrer\">m\u00fasica mp3<\/a><\/li>\n<\/ul>\n<\/li>\n<\/ul>\n<ul>\n<li><strong>MATERIAL PARA NI\u00d1OS Y COLEGIOS<\/strong>\n<ul>\n<li>Comic<br \/><a href=\"http:\/\/www.obispadodeourense.com\/tp\/sinodo\/material\/infancia\/comic\/comic_cas.pdf\" target=\"_blank\" rel=\"noopener noreferrer\">en castellano<\/a> | <a href=\"http:\/\/www.obispadodeourense.com\/tp\/sinodo\/material\/infancia\/comic\/comic_bn_es.pdf\" target=\"_blank\" rel=\"noopener noreferrer\">en castellano (blanco y negro)<\/a> | <a href=\"http:\/\/www.obispadodeourense.com\/tp\/sinodo\/material\/infancia\/comic\/comic_ga.pdf\" target=\"_blank\" rel=\"noopener noreferrer\">en gallego<\/a><\/li>\n<li><a href=\"http:\/\/www.obispadodeourense.com\/tp\/sinodo\/material\/infancia\/comic\/comic.pptx\" target=\"_blank\" rel=\"noopener noreferrer\">PowerPoint (tama\u00f1o 50 Mb)<\/a> | <a href=\"http:\/\/www.obispadodeourense.com\/tp\/sinodo\/material\/infancia\/comic\/comic.zip\" target=\"_blank\" rel=\"noopener noreferrer\">PowerPoint con m\u00fasica y di\u00e1logos (tama\u00f1o 78 Mb formato ZIP)<\/a> | <a href=\"http:\/\/www.obispadodeourense.com\/tp\/sinodo\/material\/infancia\/comic\/manualcomicmusica.pdf\" target=\"_blank\" rel=\"noopener noreferrer\">Manual de uso del PowerPoint con m\u00fasica<\/a><\/li>\n<li>Actividades:\n<ul>\n<li><a href=\"http:\/\/www.obispadodeourense.com\/tp\/sinodo\/material\/infancia\/actividades\/crucigramas_sopaletras.pdf\" target=\"_blank\" rel=\"noopener noreferrer\">Crucigramas y sopas de letras<\/a><\/li>\n<li>Pasapalabra <a href=\"http:\/\/www.obispadodeourense.com\/tp\/sinodo\/material\/infancia\/actividades\/pasapalabra_es.pdf\" target=\"_blank\" rel=\"noopener noreferrer\">en castellano<\/a> | <a href=\"http:\/\/www.obispadodeourense.com\/tp\/sinodo\/material\/infancia\/actividades\/pasapalabra_ga.pdf\" target=\"_blank\" rel=\"noopener noreferrer\">en gallego<\/a><\/li>\n<li>Paleta inteligencias m\u00faltiples <a href=\"http:\/\/www.obispadodeourense.com\/tp\/sinodo\/material\/infancia\/actividades\/palega_iimm_es.pdf\" target=\"_blank\" rel=\"noopener noreferrer\">en castellano<\/a> | <a href=\"http:\/\/www.obispadodeourense.com\/tp\/sinodo\/material\/infancia\/actividades\/palega_iimm_ga.pdf\" target=\"_blank\" rel=\"noopener noreferrer\">en gallego<\/a><\/li>\n<\/ul>\n<\/li>\n<li>Catequesis\n<ul>\n<li>La parroquia:\n<ul>\n<li>Primera Comuni\u00f3n <a href=\"http:\/\/www.obispadodeourense.com\/tp\/sinodo\/material\/primeracomunion.docx\" target=\"_blank\" rel=\"noopener noreferrer\">en Word<\/a> | <a href=\"http:\/\/www.obispadodeourense.com\/tp\/sinodo\/material\/primeracomunion.pptx\" target=\"_blank\" rel=\"noopener noreferrer\">en PowerPoint<\/a><\/li>\n<li>Confirmandos <a href=\"http:\/\/www.obispadodeourense.com\/tp\/sinodo\/material\/confirmandos.docx\" target=\"_blank\" rel=\"noopener noreferrer\">en Word<\/a> | <a href=\"http:\/\/www.obispadodeourense.com\/tp\/sinodo\/material\/confirmandos.pptx\" target=\"_blank\" rel=\"noopener noreferrer\">en PowerPoint<\/a><\/li>\n<li>Gui\u00f3n para catequistas <a href=\"http:\/\/www.obispadodeourense.com\/tp\/sinodo\/material\/guioncatequistas.docx\" target=\"_blank\" rel=\"noopener noreferrer\">en Word<\/a><\/li>\n<\/ul>\n<\/li>\n<\/ul>\n<\/li>\n<li>Unidades did\u00e1cticas:\n<ul>\n<li>Educaci\u00f3n Primaria <a href=\"http:\/\/www.obispadodeourense.com\/tp\/sinodo\/material\/infancia\/unidadesdidacticas\/unidad_didactica_sinodo_ep_es.pdf\" target=\"_blank\" rel=\"noopener noreferrer\">en castellano<\/a> | <a href=\"http:\/\/www.obispadodeourense.com\/tp\/sinodo\/material\/infancia\/unidadesdidacticas\/unidad_didactica_sinodo_ep_ga.pdf\" target=\"_blank\" rel=\"noopener noreferrer\">en gallego<\/a><\/li>\n<li>ESO <a href=\"http:\/\/www.obispadodeourense.com\/tp\/sinodo\/material\/infancia\/unidadesdidacticas\/unidad_didactica_sinodo_eso_es.pdf\" target=\"_blank\" rel=\"noopener noreferrer\">en castellano<\/a> | <a href=\"http:\/\/www.obispadodeourense.com\/tp\/sinodo\/material\/infancia\/unidadesdidacticas\/unidad_didactica_sinodo_eso_ga.pdf\" target=\"_blank\" rel=\"noopener noreferrer\">en gallego<\/a><\/li>\n<\/ul>\n<\/li>\n<li>Bachillerato:\n<ul>\n<li><a href=\"http:\/\/www.obispadodeourense.com\/tp\/sinodo\/material\/infancia\/bachillerato\/guia_trabajo_sinodoourense.pdf\" target=\"_blank\" rel=\"noopener noreferrer\">Gu\u00eda de trabajo<\/a><\/li>\n<li>Historia Concilios <a href=\"http:\/\/www.obispadodeourense.com\/tp\/sinodo\/material\/infancia\/bachillerato\/historia_concilios_es.pdf\" target=\"_blank\" rel=\"noopener noreferrer\">en castellano<\/a> | <a href=\"http:\/\/www.obispadodeourense.com\/tp\/sinodo\/material\/infancia\/bachillerato\/historia_concilios_ga.pdf\" target=\"_blank\" rel=\"noopener noreferrer\">en gallego<\/a><\/li>\n<\/ul>\n<\/li>\n<li>Canci\u00f3n \u00abUnha Igrexa en cami\u00f1o\u00bb <a href=\"http:\/\/www.obispadodeourense.com\/tp\/sinodo\/material\/infancia\/cancion\/igrexaencaminho_voz.pdf\" target=\"_blank\" rel=\"noopener noreferrer\">letra<\/a> | <a href=\"http:\/\/www.obispadodeourense.com\/tp\/sinodo\/material\/infancia\/cancion\/igrexaencaminho_acordes.pdf\" target=\"_blank\" rel=\"noopener noreferrer\">letra con acordes<\/a> | <a href=\"http:\/\/www.obispadodeourense.com\/tp\/sinodo\/material\/infancia\/cancion\/unhaigrexaencaminho.mp3\" target=\"_blank\" rel=\"noopener noreferrer\">m\u00fasica en mp3<\/a><\/li>\n<li>Oraci\u00f3n del S\u00ednodo para los ni\u00f1os. <a href=\"http:\/\/www.obispadodeourense.com\/tp\/sinodo\/material\/infancia\/oracionnenos.pdf\" target=\"_blank\" rel=\"noopener noreferrer\">Descargar \u00bb\u00bb\u00bb<\/a><\/li>\n<\/ul>\n<\/li>\n<\/ul>\n<ul>\n<li><strong>ESTUDIO SOCIOPASTORAL<\/strong>\n<ul>\n<li>Panorama socioreligioso <a href=\"http:\/\/www.obispadodeourense.com\/tp\/sinodo\/material\/estudio\/panoramasocioreligioso_es.pdf\" target=\"_blank\" rel=\"noopener noreferrer\">en castellano<\/a> | <a href=\"http:\/\/www.obispadodeourense.com\/tp\/sinodo\/material\/estudio\/panoramasocioreligioso_ga.pdf\" target=\"_blank\" rel=\"noopener noreferrer\">en gallego<\/a><\/li>\n<li>Estudio socio-pastoral (resumen &#8211; noviembre 2018) <a href=\"http:\/\/obispadodeourense.com\/blog\/wp-content\/uploads\/2018\/12\/estudio_sociopastoral_resumen.pdf\" target=\"_blank\" rel=\"noopener noreferrer\">en PDF<\/a><\/li>\n<li>Creencia e increencia tras la pandemia <a href=\"http:\/\/obispadodeourense.com\/blog\/wp-content\/uploads\/2021\/05\/Creencia-e-increencia-tras-la-pandemia-como-parte-autonoma.pdf\" target=\"_blank\" rel=\"noopener\">en PDF<\/a><\/li>\n<\/ul>\n<\/li>\n<\/ul>\n<hr \/>\n<p><strong>CONSEJO DE PRESIDENCIA<\/strong><\/p>\n<ul>\n<li>Monse\u00f1or J. Leonardo Lemos Montanet, Obispo de Ourense.<\/li>\n<li>Ilmo. Sr. D. Jos\u00e9 Joaqu\u00edn Borrajo Iglesias, Vicario General.<\/li>\n<li>Ilmo. Sr. D. Francisco Pernas de Dios, Vicario para la Pastoral.<\/li>\n<li>Ilmo. Sr. D. Francisco Jos\u00e9 Prieto Fern\u00e1ndez, Vicario para la Nueva Evangelizaci\u00f3n.<\/li>\n<li>Ilmo. Sr. D. Jos\u00e9 Antonio Gil Sousa, Director del Instituto \u00abDivino Maestro\u00bb.<\/li>\n<li>Rvdo. Sr. D. N\u00e9stor \u00c1lvarez Rodr\u00edguez, Secretario del S\u00ednodo.<\/li>\n<\/ul>\n<p><strong>SECRETAR\u00cdA GENERAL<\/strong><\/p>\n<ul>\n<li>Ilmo. Sr. D. Francisco Pernas de Dios, Vicario para la Pastoral<\/li>\n<li>Rvdo. Sr. D. N\u00e9stor \u00c1lvarez Rodr\u00edguez, Secretario del S\u00ednodo<\/li>\n<li>Ilmo. Sr. D. Jos\u00e9 P\u00e9rez Dom\u00ednguez, De\u00e1n del Cabildo Catedralicio<\/li>\n<li>Rvdo. Sr. D. Jorge Valado Cambeiro<\/li>\n<li>D\u00f1a. Pilar Balv\u00eds Sousa<\/li>\n<li>Rvdo. P. D. Luis Cachaldora Gago, C.S.S.P.<\/li>\n<li>Rvdo. Sr. D. Emilio Jos\u00e9 Gil Fern\u00e1ndez<\/li>\n<li>D\u00f1a. Cristina Rodr\u00edguez L\u00f3pez<\/li>\n<li>Equipo de la Vicar\u00eda para la Pastoral<\/li>\n<\/ul>\n<p><strong>COMISI\u00d3N ECON\u00d3MICA<\/strong><\/p>\n<ul>\n<li>Rvdo. Sr. D. Ra\u00fal Alfonso Gonz\u00e1lez<\/li>\n<li>Rvdo. Sr. D. Adri\u00e1n Rodr\u00edguez Iglesias<\/li>\n<\/ul>\n<p><strong>COMISI\u00d3N JUR\u00cdDICA<\/strong><\/p>\n<ul>\n<li>Ilmo. Sr. D. Jos\u00e9 Joaqu\u00edn Borrajo Iglesias<\/li>\n<li>Rvdo. Sr. D. Isaac Pereiro Pereiro<\/li>\n<li>Rvdo. Sr. D. Jos\u00e9 Seijo Gonz\u00e1lez<\/li>\n<\/ul>\n\n\n\n<p><a href=\"https:\/\/obispadodeourense.com\/blog\/sinododiocesano\/\" target=\"_blank\" rel=\"noreferrer noopener\"><\/a><\/p>\n<\/div><\/div>\n<\/div>\n<\/div>\n","protected":false},"excerpt":{"rendered":"<p>El Sr. Obispo anuncia la convocatoria del SINODO DIOCESANO,\u00a0para avivar la fe, renovar la esperanza y acrecentar el ardor misionero de nuestra Iglesia Diocesana, durante la Misa Crismal, en la Semana Santa del 2016, con un Decreto que entreg\u00f3 a los asistentes. CONVOCADOS AL S\u00cdNODO DIOCESANO Poneos en camino\u00a0(Lc 10.3). As\u00ed reza el lema de [&hellip;]<\/p>\n","protected":false},"author":1,"featured_media":873,"parent":0,"menu_order":0,"comment_status":"closed","ping_status":"closed","template":"","meta":{"footnotes":""},"class_list":["post-717","page","type-page","status-publish","has-post-thumbnail","czr-hentry"],"_links":{"self":[{"href":"https:\/\/obispadodeourense.com\/blog\/wp-json\/wp\/v2\/pages\/717","targetHints":{"allow":["GET"]}}],"collection":[{"href":"https:\/\/obispadodeourense.com\/blog\/wp-json\/wp\/v2\/pages"}],"about":[{"href":"https:\/\/obispadodeourense.com\/blog\/wp-json\/wp\/v2\/types\/page"}],"author":[{"embeddable":true,"href":"https:\/\/obispadodeourense.com\/blog\/wp-json\/wp\/v2\/users\/1"}],"replies":[{"embeddable":true,"href":"https:\/\/obispadodeourense.com\/blog\/wp-json\/wp\/v2\/comments?post=717"}],"version-history":[{"count":70,"href":"https:\/\/obispadodeourense.com\/blog\/wp-json\/wp\/v2\/pages\/717\/revisions"}],"predecessor-version":[{"id":1858,"href":"https:\/\/obispadodeourense.com\/blog\/wp-json\/wp\/v2\/pages\/717\/revisions\/1858"}],"wp:featuredmedia":[{"embeddable":true,"href":"https:\/\/obispadodeourense.com\/blog\/wp-json\/wp\/v2\/media\/873"}],"wp:attachment":[{"href":"https:\/\/obispadodeourense.com\/blog\/wp-json\/wp\/v2\/media?parent=717"}],"curies":[{"name":"wp","href":"https:\/\/api.w.org\/{rel}","templated":true}]}}